{"id":1209,"date":"2025-09-02T08:23:57","date_gmt":"2025-09-02T08:23:57","guid":{"rendered":"https:\/\/desarrollo.ilustra-laurag.com\/?page_id=1209"},"modified":"2026-04-20T10:26:01","modified_gmt":"2026-04-20T10:26:01","slug":"aviso-legal","status":"publish","type":"page","link":"https:\/\/ilustra-laurag.com\/en\/aviso-legal\/","title":{"rendered":"Aviso legal"},"content":{"rendered":"\n<div class=\"wp-block-stackable-spacer stk-block-spacer stk--no-padding stk-block stk-a7f7251\" data-block-id=\"a7f7251\"><style>.stk-a7f7251 {height:80px !important;}<\/style><\/div>\n\n\n\n<div class=\"wp-block-stackable-heading stk-block-heading stk-block-heading--v2 stk-block stk-fa72373\" id=\"aviso-legal\" data-block-id=\"fa72373\"><h1 class=\"stk-block-heading__text\">AVISO LEGAL<\/h1><\/div>\n\n\n\n<div class=\"wp-block-stackable-text stk-block-text stk-block stk-678414b\" data-block-id=\"678414b\"><p class=\"stk-block-text__text\">En cumplimiento con el deber de informaci\u00f3n recogido en la <strong>Ley 34\/2002, de 11 de julio<\/strong>, de Servicios de la Sociedad de la Informaci\u00f3n y del Comercio Electr\u00f3nico (LSSI-CE), se facilitan a continuaci\u00f3n los siguientes datos:<\/p><\/div>\n\n\n\n<p><strong>Titular del sitio web:<\/strong><br>Laura Gonz\u00e1lez Hern\u00e1ndez<\/p>\n\n\n\n<p><strong>NIF \/ CIF:<\/strong><br>[Tu NIF o CIF]<\/p>\n\n\n\n<p><strong>Domicilio:<\/strong><br>Zaldibar 48250<\/p>\n\n\n\n<p><strong>Correo electr\u00f3nico de contacto:<\/strong><br>info@ilustra-laurag.com<\/p>\n\n\n\n<p><strong>Sitio web:<\/strong><br><a href=\"https:\/\/tudominio.com\"><span style=\"color: #221af8;\" class=\"stk-highlight\">https:\/\/ilustra-laurag.com<\/span><\/a><\/p>\n\n\n\n<hr class=\"wp-block-separator has-alpha-channel-opacity\"\/>\n\n\n\n<h3 class=\"wp-block-heading\">CONDICIONES DE USO<\/h3>\n\n\n\n<p>El acceso y uso de este sitio web atribuye la condici\u00f3n de usuario, que acepta, desde dicho acceso y\/o uso, las presentes condiciones de uso.<\/p>\n\n\n\n<p>El usuario se compromete a hacer un uso adecuado de los contenidos y servicios que el titular ofrece a trav\u00e9s de su sitio web y, con car\u00e1cter enunciativo pero no limitativo, a no emplearlos para:<\/p>\n\n\n\n<ul class=\"wp-block-list\">\n<li>Incurrir en actividades il\u00edcitas, ilegales o contrarias a la buena fe y al orden p\u00fablico.<\/li>\n\n\n\n<li>Provocar da\u00f1os en los sistemas f\u00edsicos y l\u00f3gicos del titular del sitio web.<\/li>\n<\/ul>\n\n\n\n<hr class=\"wp-block-separator has-alpha-channel-opacity\"\/>\n\n\n\n<h3 class=\"wp-block-heading\">PROPIEDAD INTELECTUAL E INDUSTRIAL<\/h3>\n\n\n\n<p>Todos los contenidos del sitio web, incluyendo textos, fotograf\u00edas, gr\u00e1ficos, im\u00e1genes, iconos, tecnolog\u00eda, software, as\u00ed como su dise\u00f1o gr\u00e1fico y c\u00f3digos fuente, son propiedad del titular del sitio web, sin que puedan entenderse cedidos al usuario ninguno de los derechos de explotaci\u00f3n sobre los mismos.<\/p>\n\n\n\n<hr class=\"wp-block-separator has-alpha-channel-opacity\"\/>\n\n\n\n<h3 class=\"wp-block-heading\">RESPONSABILIDAD<\/h3>\n\n\n\n<p>El titular no se hace responsable de los da\u00f1os o perjuicios derivados del uso de la informaci\u00f3n del sitio web ni de posibles errores u omisiones en los contenidos.<\/p>\n\n\n\n<hr class=\"wp-block-separator has-alpha-channel-opacity\"\/>\n\n\n\n<h3 class=\"wp-block-heading\">ENLACES EXTERNOS<\/h3>\n\n\n\n<p>Este sitio web puede contener enlaces a p\u00e1ginas de terceros. El titular no asume ninguna responsabilidad por los contenidos, informaciones o servicios que pudieran aparecer en dichos sitios.<\/p>\n\n\n\n<hr class=\"wp-block-separator has-alpha-channel-opacity\"\/>\n\n\n\n<h3 class=\"wp-block-heading\">LEGISLACI\u00d3N APLICABLE<\/h3>\n\n\n\n<p>La relaci\u00f3n entre el titular del sitio web y el usuario se regir\u00e1 por la normativa espa\u00f1ola vigente, y cualquier controversia se someter\u00e1 a los juzgados y tribunales del territorio espa\u00f1ol.scibir sobre m\u00ed<\/p>\n","protected":false},"excerpt":{"rendered":"<p>AVISO LEGAL En cumplimiento con el deber de informaci\u00f3n recogido en la Ley 34\/2002, de 11 de julio, de Servicios de la Sociedad de la Informaci\u00f3n y del Comercio Electr\u00f3nico (LSSI-CE), se facilitan a continuaci\u00f3n los siguientes datos: Titular del sitio web:Laura Gonz\u00e1lez Hern\u00e1ndez NIF \/ CIF:[Tu NIF o CIF] Domicilio:Zaldibar 48250 Correo electr\u00f3nico de [&hellip;]<\/p>\n","protected":false},"author":1,"featured_media":0,"parent":0,"menu_order":0,"comment_status":"closed","ping_status":"closed","template":"","meta":{"pgc_sgb_lightbox_settings":"","footnotes":""},"class_list":["post-1209","page","type-page","status-publish","hentry"],"blocksy_meta":{"page_title_panel":"","has_hero_section":"disabled","5800458836fd72b9f7d40a5343f22372":"","hero_section":"type-1","hero_elements":[{"id":"custom_title","enabled":true,"heading_tag":"h1","title":"Home"},{"id":"custom_description","enabled":true,"description_visibility":{"desktop":true,"tablet":true,"mobile":false}},{"id":"custom_meta","enabled":false,"meta_elements":[{"id":"author","enabled":true,"label":"By","has_author_avatar":"yes","avatar_size":25},{"id":"post_date","enabled":true,"label":"On","date_format_source":"default","date_format":"M j, Y"},{"id":"updated_date","enabled":false,"label":"On","date_format_source":"default","date_format":"M j, Y"},{"id":"categories","enabled":false,"label":"In","style":"simple"},{"id":"comments","enabled":true}],"page_meta_elements":{"joined":true,"articles_count":true,"comments":true}},{"id":"breadcrumbs","enabled":false}],"129a883ea4975c1f162dfca1240a79ce":"","hero_alignment1":"CT_CSS_SKIP_RULE","hero_margin":40,"hero_alignment2":"center","hero_vertical_alignment":"center","667c18dfbef5a507cfb7c12ab6ebeb68":"","hero_structure":"narrow","2563e3705ee59823c62fdf61fda7c838":"","page_title_bg_type":"featured_image","custom_hero_background":{"attachment_id":null},"parallax":{"desktop":false,"tablet":false,"mobile":false},"f592b9cd907d78bfcf5ee7d8ad2a68b5":"","hero_height":"250px","pageTitleFont":{"family":"Default","variation":"Default","size":"30px","line-height":"CT_CSS_SKIP_RULE","letter-spacing":"CT_CSS_SKIP_RULE","text-transform":"CT_CSS_SKIP_RULE","text-decoration":"CT_CSS_SKIP_RULE"},"pageTitleFontColor":{"default":{"color":"CT_CSS_SKIP_RULEDEFAULT"}},"pageMetaFont":{"family":"Default","variation":"n6","size":"12px","line-height":"1.3","letter-spacing":"CT_CSS_SKIP_RULE","text-transform":"uppercase","text-decoration":"CT_CSS_SKIP_RULE"},"pageMetaFontColor":{"default":{"color":"CT_CSS_SKIP_RULEDEFAULT"},"hover":{"color":"CT_CSS_SKIP_RULEDEFAULT"}},"page_meta_button_type_font_colors":{"default":{"color":"CT_CSS_SKIP_RULEDEFAULT"},"hover":{"color":"CT_CSS_SKIP_RULEDEFAULT"}},"page_meta_button_type_background_colors":{"default":{"color":"CT_CSS_SKIP_RULEDEFAULT"},"hover":{"color":"CT_CSS_SKIP_RULEDEFAULT"}},"pageExcerptFont":{"family":"Default","variation":"Default","size":"CT_CSS_SKIP_RULE","line-height":"CT_CSS_SKIP_RULE","letter-spacing":"CT_CSS_SKIP_RULE","text-transform":"CT_CSS_SKIP_RULE","text-decoration":"CT_CSS_SKIP_RULE"},"pageExcerptColor":{"default":{"color":"CT_CSS_SKIP_RULEDEFAULT"}},"breadcrumbsFont":{"family":"Default","variation":"Default","size":"CT_CSS_SKIP_RULE","line-height":"CT_CSS_SKIP_RULE","letter-spacing":"CT_CSS_SKIP_RULE","text-transform":"CT_CSS_SKIP_RULE","text-decoration":"CT_CSS_SKIP_RULE"},"breadcrumbsFontColor":{"default":{"color":"CT_CSS_SKIP_RULEDEFAULT"},"initial":{"color":"CT_CSS_SKIP_RULEDEFAULT"},"hover":{"color":"CT_CSS_SKIP_RULEDEFAULT"}},"pageTitleOverlay":{"background_type":"color","background_pattern":"type-1","background_image":{"attachment_id":null,"x":0,"y":0},"gradient":"linear-gradient(135deg,rgba(6,147,227,1) 0%,rgb(155,81,224) 100%)","background_repeat":"repeat","background_size":"auto","background_attachment":"scroll","patternColor":{"default":{"color":"#e5e7ea"}},"overlayColor":{"default":{"color":"CT_CSS_SKIP_RULE"}},"backgroundColor":{"default":{"color":"CT_CSS_SKIP_RULE"}}},"pageTitleBackground":{"background_type":"color","background_pattern":"type-1","background_image":{"attachment_id":null,"x":0,"y":0},"gradient":"linear-gradient(135deg,rgba(6,147,227,1) 0%,rgb(155,81,224) 100%)","background_repeat":"repeat","background_size":"auto","background_attachment":"scroll","patternColor":{"default":{"color":"#e5e7ea"}},"overlayColor":{"default":{"color":"CT_CSS_SKIP_RULE"}},"backgroundColor":{"default":{"color":"var(--theme-palette-color-6)"}}},"pageTitlePadding":{"top":"50px","bottom":"50px","left":"auto","right":"auto","linked":true},"b39aea57c2b0765b6c1fb7199ef6de4f":"","page_structure_type":"default","800bccbc08ef5fcb357a0eb8d0d0b9c9":"","content_style_source":"inherit","content_style":"wide","vertical_spacing_source":"custom","content_area_spacing":"none","background":{"background_type":"color","background_pattern":"type-1","background_image":{"attachment_id":null,"x":0,"y":0},"gradient":"linear-gradient(135deg,rgba(6,147,227,1) 0%,rgb(155,81,224) 100%)","background_repeat":"repeat","background_size":"auto","background_attachment":"scroll","patternColor":{"default":{"color":"#e5e7ea"}},"overlayColor":{"default":{"color":"CT_CSS_SKIP_RULE"}},"backgroundColor":{"default":{"color":"CT_CSS_SKIP_RULE"}}},"content_background":{"background_type":"color","background_pattern":"type-1","background_image":{"attachment_id":null,"x":0,"y":0},"gradient":"linear-gradient(135deg,rgba(6,147,227,1) 0%,rgb(155,81,224) 100%)","background_repeat":"repeat","background_size":"auto","background_attachment":"scroll","patternColor":{"default":{"color":"#e5e7ea"}},"overlayColor":{"default":{"color":"CT_CSS_SKIP_RULE"}},"backgroundColor":{"default":{"color":"var(--theme-palette-color-8)"}}},"content_boxed_shadow":{"inherit":false,"blur":18,"spread":-6,"v_offset":12,"h_offset":0,"inset":false,"enable":true,"color":{"color":"rgba(34, 56, 101, 0.04)"}},"boxed_content_spacing":{"desktop":{"top":"40px","bottom":"40px","left":"40px","right":"40px","linked":true},"tablet":{"top":"35px","bottom":"35px","left":"35px","right":"35px","linked":true},"mobile":{"top":"20px","bottom":"20px","left":"20px","right":"20px","linked":true}},"content_boxed_radius":{"top":"3px","bottom":"3px","left":"3px","right":"3px","linked":true},"e8c567e3f19b0e9c8d12f7b2d6b88355":"","disable_featured_image":"no","disable_share_box":"no","disable_header":"no","disable_footer":"no","styles_descriptor":{"styles":{"desktop":"","tablet":"","mobile":""},"google_fonts":[],"version":6}},"yoast_head":"<!-- This site is optimized with the Yoast SEO plugin v27.4 - https:\/\/yoast.com\/product\/yoast-seo-wordpress\/ -->\n<title>Aviso legal - Ilustra Laurag<\/title>\n<meta name=\"description\" content=\"Aviso legal y condiciones de uso de la web de Laura Gonz\u00e1lez Hern\u00e1ndez.\" \/>\n<meta name=\"robots\" content=\"index, follow, max-snippet:-1, max-image-preview:large, max-video-preview:-1\" \/>\n<link rel=\"canonical\" href=\"https:\/\/ilustra-laurag.com\/en\/aviso-legal\/\" \/>\n<meta property=\"og:locale\" content=\"en_GB\" \/>\n<meta property=\"og:type\" content=\"article\" \/>\n<meta property=\"og:title\" content=\"Aviso legal - Ilustra Laurag\" \/>\n<meta property=\"og:description\" content=\"Aviso legal y condiciones de uso de la web de Laura Gonz\u00e1lez Hern\u00e1ndez.\" \/>\n<meta property=\"og:url\" content=\"https:\/\/ilustra-laurag.com\/en\/aviso-legal\/\" \/>\n<meta property=\"og:site_name\" content=\"Ilustra Laurag\" \/>\n<meta property=\"article:modified_time\" content=\"2026-04-20T10:26:01+00:00\" \/>\n<meta name=\"twitter:card\" content=\"summary_large_image\" \/>\n<meta name=\"twitter:label1\" content=\"Estimated reading time\" \/>\n\t<meta name=\"twitter:data1\" content=\"2 minutes\" \/>\n<script type=\"application\/ld+json\" class=\"yoast-schema-graph\">{\"@context\":\"https:\\\/\\\/schema.org\",\"@graph\":[{\"@type\":\"WebPage\",\"@id\":\"https:\\\/\\\/ilustra-laurag.com\\\/en\\\/aviso-legal\\\/\",\"url\":\"https:\\\/\\\/ilustra-laurag.com\\\/en\\\/aviso-legal\\\/\",\"name\":\"Aviso legal - Ilustra Laurag\",\"isPartOf\":{\"@id\":\"https:\\\/\\\/ilustra-laurag.com\\\/en\\\/#website\"},\"datePublished\":\"2025-09-02T08:23:57+00:00\",\"dateModified\":\"2026-04-20T10:26:01+00:00\",\"description\":\"Aviso legal y condiciones de uso de la web de Laura Gonz\u00e1lez Hern\u00e1ndez.\",\"breadcrumb\":{\"@id\":\"https:\\\/\\\/ilustra-laurag.com\\\/en\\\/aviso-legal\\\/#breadcrumb\"},\"inLanguage\":\"en-GB\",\"potentialAction\":[{\"@type\":\"ReadAction\",\"target\":[\"https:\\\/\\\/ilustra-laurag.com\\\/en\\\/aviso-legal\\\/\"]}]},{\"@type\":\"BreadcrumbList\",\"@id\":\"https:\\\/\\\/ilustra-laurag.com\\\/en\\\/aviso-legal\\\/#breadcrumb\",\"itemListElement\":[{\"@type\":\"ListItem\",\"position\":1,\"name\":\"Home\",\"item\":\"https:\\\/\\\/ilustra-laurag.com\\\/\"},{\"@type\":\"ListItem\",\"position\":2,\"name\":\"Aviso legal\"}]},{\"@type\":\"WebSite\",\"@id\":\"https:\\\/\\\/ilustra-laurag.com\\\/en\\\/#website\",\"url\":\"https:\\\/\\\/ilustra-laurag.com\\\/en\\\/\",\"name\":\"Ilustra Laurag\",\"description\":\"Portfolio de los trabajos de Laura Goz\u00e1lez, ilustradora cient\u00edfica\",\"publisher\":{\"@id\":\"https:\\\/\\\/ilustra-laurag.com\\\/en\\\/#\\\/schema\\\/person\\\/4a494b17105123990159afa34ef59946\"},\"potentialAction\":[{\"@type\":\"SearchAction\",\"target\":{\"@type\":\"EntryPoint\",\"urlTemplate\":\"https:\\\/\\\/ilustra-laurag.com\\\/en\\\/?s={search_term_string}\"},\"query-input\":{\"@type\":\"PropertyValueSpecification\",\"valueRequired\":true,\"valueName\":\"search_term_string\"}}],\"inLanguage\":\"en-GB\"},{\"@type\":[\"Person\",\"Organization\"],\"@id\":\"https:\\\/\\\/ilustra-laurag.com\\\/en\\\/#\\\/schema\\\/person\\\/4a494b17105123990159afa34ef59946\",\"name\":\"Laura Gonzalez\",\"image\":{\"@type\":\"ImageObject\",\"inLanguage\":\"en-GB\",\"@id\":\"https:\\\/\\\/ilustra-laurag.com\\\/wp-content\\\/uploads\\\/2025\\\/08\\\/cropped-LOGO_SINFONDO-1-scaled-1.png\",\"url\":\"https:\\\/\\\/ilustra-laurag.com\\\/wp-content\\\/uploads\\\/2025\\\/08\\\/cropped-LOGO_SINFONDO-1-scaled-1.png\",\"contentUrl\":\"https:\\\/\\\/ilustra-laurag.com\\\/wp-content\\\/uploads\\\/2025\\\/08\\\/cropped-LOGO_SINFONDO-1-scaled-1.png\",\"width\":512,\"height\":512,\"caption\":\"Laura Gonzalez\"},\"logo\":{\"@id\":\"https:\\\/\\\/ilustra-laurag.com\\\/wp-content\\\/uploads\\\/2025\\\/08\\\/cropped-LOGO_SINFONDO-1-scaled-1.png\"},\"sameAs\":[\"http:\\\/\\\/ilustra-laurag.com\"]}]}<\/script>\n<!-- \/ Yoast SEO plugin. -->","yoast_head_json":{"title":"Aviso legal - Ilustra Laurag","description":"Aviso legal y condiciones de uso de la web de Laura Gonz\u00e1lez Hern\u00e1ndez.","robots":{"index":"index","follow":"follow","max-snippet":"max-snippet:-1","max-image-preview":"max-image-preview:large","max-video-preview":"max-video-preview:-1"},"canonical":"https:\/\/ilustra-laurag.com\/en\/aviso-legal\/","og_locale":"en_GB","og_type":"article","og_title":"Aviso legal - Ilustra Laurag","og_description":"Aviso legal y condiciones de uso de la web de Laura Gonz\u00e1lez Hern\u00e1ndez.","og_url":"https:\/\/ilustra-laurag.com\/en\/aviso-legal\/","og_site_name":"Ilustra Laurag","article_modified_time":"2026-04-20T10:26:01+00:00","twitter_card":"summary_large_image","twitter_misc":{"Estimated reading time":"2 minutes"},"schema":{"@context":"https:\/\/schema.org","@graph":[{"@type":"WebPage","@id":"https:\/\/ilustra-laurag.com\/en\/aviso-legal\/","url":"https:\/\/ilustra-laurag.com\/en\/aviso-legal\/","name":"Aviso legal - Ilustra Laurag","isPartOf":{"@id":"https:\/\/ilustra-laurag.com\/en\/#website"},"datePublished":"2025-09-02T08:23:57+00:00","dateModified":"2026-04-20T10:26:01+00:00","description":"Aviso legal y condiciones de uso de la web de Laura Gonz\u00e1lez Hern\u00e1ndez.","breadcrumb":{"@id":"https:\/\/ilustra-laurag.com\/en\/aviso-legal\/#breadcrumb"},"inLanguage":"en-GB","potentialAction":[{"@type":"ReadAction","target":["https:\/\/ilustra-laurag.com\/en\/aviso-legal\/"]}]},{"@type":"BreadcrumbList","@id":"https:\/\/ilustra-laurag.com\/en\/aviso-legal\/#breadcrumb","itemListElement":[{"@type":"ListItem","position":1,"name":"Home","item":"https:\/\/ilustra-laurag.com\/"},{"@type":"ListItem","position":2,"name":"Aviso legal"}]},{"@type":"WebSite","@id":"https:\/\/ilustra-laurag.com\/en\/#website","url":"https:\/\/ilustra-laurag.com\/en\/","name":"Ilustra Laurag","description":"Portfolio de los trabajos de Laura Goz\u00e1lez, ilustradora cient\u00edfica","publisher":{"@id":"https:\/\/ilustra-laurag.com\/en\/#\/schema\/person\/4a494b17105123990159afa34ef59946"},"potentialAction":[{"@type":"SearchAction","target":{"@type":"EntryPoint","urlTemplate":"https:\/\/ilustra-laurag.com\/en\/?s={search_term_string}"},"query-input":{"@type":"PropertyValueSpecification","valueRequired":true,"valueName":"search_term_string"}}],"inLanguage":"en-GB"},{"@type":["Person","Organization"],"@id":"https:\/\/ilustra-laurag.com\/en\/#\/schema\/person\/4a494b17105123990159afa34ef59946","name":"Laura Gonzalez","image":{"@type":"ImageObject","inLanguage":"en-GB","@id":"https:\/\/ilustra-laurag.com\/wp-content\/uploads\/2025\/08\/cropped-LOGO_SINFONDO-1-scaled-1.png","url":"https:\/\/ilustra-laurag.com\/wp-content\/uploads\/2025\/08\/cropped-LOGO_SINFONDO-1-scaled-1.png","contentUrl":"https:\/\/ilustra-laurag.com\/wp-content\/uploads\/2025\/08\/cropped-LOGO_SINFONDO-1-scaled-1.png","width":512,"height":512,"caption":"Laura Gonzalez"},"logo":{"@id":"https:\/\/ilustra-laurag.com\/wp-content\/uploads\/2025\/08\/cropped-LOGO_SINFONDO-1-scaled-1.png"},"sameAs":["http:\/\/ilustra-laurag.com"]}]}},"_links":{"self":[{"href":"https:\/\/ilustra-laurag.com\/en\/wp-json\/wp\/v2\/pages\/1209","targetHints":{"allow":["GET"]}}],"collection":[{"href":"https:\/\/ilustra-laurag.com\/en\/wp-json\/wp\/v2\/pages"}],"about":[{"href":"https:\/\/ilustra-laurag.com\/en\/wp-json\/wp\/v2\/types\/page"}],"author":[{"embeddable":true,"href":"https:\/\/ilustra-laurag.com\/en\/wp-json\/wp\/v2\/users\/1"}],"replies":[{"embeddable":true,"href":"https:\/\/ilustra-laurag.com\/en\/wp-json\/wp\/v2\/comments?post=1209"}],"version-history":[{"count":4,"href":"https:\/\/ilustra-laurag.com\/en\/wp-json\/wp\/v2\/pages\/1209\/revisions"}],"predecessor-version":[{"id":2398,"href":"https:\/\/ilustra-laurag.com\/en\/wp-json\/wp\/v2\/pages\/1209\/revisions\/2398"}],"wp:attachment":[{"href":"https:\/\/ilustra-laurag.com\/en\/wp-json\/wp\/v2\/media?parent=1209"}],"curies":[{"name":"wp","href":"https:\/\/api.w.org\/{rel}","templated":true}]}}