{"id":2248,"date":"2025-12-26T16:23:26","date_gmt":"2025-12-26T16:23:26","guid":{"rendered":"https:\/\/desarrollo.ilustra-laurag.com\/?page_id=2248"},"modified":"2026-04-24T15:08:58","modified_gmt":"2026-04-24T15:08:58","slug":"blog-p","status":"publish","type":"page","link":"https:\/\/ilustra-laurag.com\/en\/blog-p\/","title":{"rendered":"Noticias-prov"},"content":{"rendered":"\n<div class=\"wp-block-stackable-spacer stk-block-spacer stk--no-padding stk-block stk-7ab50dd\" data-block-id=\"7ab50dd\"><\/div>\n\n\n\n<div class=\"wp-block-stackable-heading stk-block-heading stk-block-heading--v2 stk-block stk-e7ac2e9\" id=\"noticias\" data-block-id=\"e7ac2e9\"><style>.stk-e7ac2e9 .stk-block-heading__text{font-size:var(--stk--preset--font-size--xx-large, 80px) !important;}@media screen and (max-width:999px){.stk-e7ac2e9 .stk-block-heading__text{font-size:var(--stk--preset--font-size--xx-large, 80px) !important;}}<\/style><h1 class=\"stk-block-heading__text\">NOTICIAS<\/h1><\/div>\n\n\n\n<div class=\"wp-block-stackable-divider stk-block-divider stk-block stk-5ee51de\" data-block-id=\"5ee51de\"><hr class=\"stk-block-divider__hr\"\/><\/div>\n\n\n\n<div class=\"wp-block-columns is-layout-flex wp-container-core-columns-is-layout-28f84493 wp-block-columns-is-layout-flex\">\n<div class=\"wp-block-column is-layout-flow wp-block-column-is-layout-flow\">\n<div data-id=\"37922ccf\" class=\"wp-block-blocksy-query\"><div class=\"ct-query-template-grid\"><article class=\"wp-block-post is-layout-flow post-2484 post type-post status-publish format-standard has-post-thumbnail hentry category-blog category-noticias\">\n<div style=\"border-radius:5px;min-height: 400px; padding-top:var(--wp--preset--spacing--50);padding-bottom:var(--wp--preset--spacing--50);padding-left:var(--wp--preset--spacing--50);padding-right:var(--wp--preset--spacing--50);\" class=\"wp-block-cover ct-dynamic-cover has-custom-content-position is-position-bottom-center wp-elements-cec9b0c10eb80e3078710ed9ebc0b6b2\"><span class=\"wp-block-cover__background\" aria-hidden=\"true\"><\/span><img loading=\"lazy\" decoding=\"async\" width=\"1919\" height=\"2560\" src=\"https:\/\/ilustra-laurag.com\/wp-content\/uploads\/2026\/04\/IMG_9137-scaled.jpg\" class=\"wp-block-cover__image-background wp-post-image\" alt=\"\" srcset=\"https:\/\/ilustra-laurag.com\/wp-content\/uploads\/2026\/04\/IMG_9137-scaled.jpg 1919w, https:\/\/ilustra-laurag.com\/wp-content\/uploads\/2026\/04\/IMG_9137-225x300.jpg 225w, https:\/\/ilustra-laurag.com\/wp-content\/uploads\/2026\/04\/IMG_9137-768x1025.jpg 768w, https:\/\/ilustra-laurag.com\/wp-content\/uploads\/2026\/04\/IMG_9137-1151x1536.jpg 1151w, https:\/\/ilustra-laurag.com\/wp-content\/uploads\/2026\/04\/IMG_9137-1535x2048.jpg 1535w, https:\/\/ilustra-laurag.com\/wp-content\/uploads\/2026\/04\/IMG_9137-9x12.jpg 9w, https:\/\/ilustra-laurag.com\/wp-content\/uploads\/2026\/04\/IMG_9137-500x667.jpg 500w, https:\/\/ilustra-laurag.com\/wp-content\/uploads\/2026\/04\/IMG_9137-600x800.jpg 600w\" sizes=\"auto, (max-width: 1919px) 100vw, 1919px\" \/><div class=\"wp-block-cover__inner-container ct-dynamic-cover__inner-2 is-layout-constrained wp-block-cover-is-layout-constrained\">\n<h2 class=\"ct-dynamic-data has-text-align-center wp-elements-afd89a34bb1a0c711deffce58579054a wp-elements-aeeb15b0d07c8f0bfce44f097a5137df has-medium-font-size\"><a href=\"https:\/\/ilustra-laurag.com\/en\/taller-arte-y-mujeres-en-la-botanica\/\">TALLER: ARTE Y MUJERES EN LA BOT\u00c1NICA<\/a><\/h2>\n<\/div><\/div>\n<\/article><\/div><style>[data-id='37922ccf'] {--grid-columns-width:3;}@media (max-width: 999.98px) {[data-id='37922ccf'] {--grid-columns-width:2;}}@media (max-width: 689.98px) {[data-id='37922ccf'] {--grid-columns-width:1;}}<\/style><\/div>\n<\/div>\n<\/div>\n\n\n\n<p><\/p>\n","protected":false},"excerpt":{"rendered":"<p>NOTICIAS<\/p>","protected":false},"author":1,"featured_media":0,"parent":0,"menu_order":0,"comment_status":"closed","ping_status":"closed","template":"","meta":{"pgc_sgb_lightbox_settings":"","footnotes":""},"class_list":["post-2248","page","type-page","status-publish","hentry"],"blocksy_meta":[],"yoast_head":"<!-- This site is optimized with the Yoast SEO plugin v27.4 - https:\/\/yoast.com\/product\/yoast-seo-wordpress\/ -->\n<title>Noticias-prov - Ilustra Laurag<\/title>\n<meta name=\"description\" content=\"Blog de ilustraci\u00f3n bot\u00e1nica de Laura Gonz\u00e1lez Hern\u00e1ndez con art\u00edculos, procesos creativos y talleres inspirados en la naturaleza.\" \/>\n<meta name=\"robots\" content=\"index, follow, max-snippet:-1, max-image-preview:large, max-video-preview:-1\" \/>\n<link rel=\"canonical\" href=\"https:\/\/ilustra-laurag.com\/en\/blog-p\/\" \/>\n<meta property=\"og:locale\" content=\"en_GB\" \/>\n<meta property=\"og:type\" content=\"article\" \/>\n<meta property=\"og:title\" content=\"Noticias-prov - Ilustra Laurag\" \/>\n<meta property=\"og:description\" content=\"Blog de ilustraci\u00f3n bot\u00e1nica de Laura Gonz\u00e1lez Hern\u00e1ndez con art\u00edculos, procesos creativos y talleres inspirados en la naturaleza.\" \/>\n<meta property=\"og:url\" content=\"https:\/\/ilustra-laurag.com\/en\/blog-p\/\" \/>\n<meta property=\"og:site_name\" content=\"Ilustra Laurag\" \/>\n<meta property=\"article:modified_time\" content=\"2026-04-24T15:08:58+00:00\" \/>\n<meta name=\"twitter:card\" content=\"summary_large_image\" \/>\n<meta name=\"twitter:label1\" content=\"Estimated reading time\" \/>\n\t<meta name=\"twitter:data1\" content=\"1 minute\" \/>\n<script type=\"application\/ld+json\" class=\"yoast-schema-graph\">{\"@context\":\"https:\\\/\\\/schema.org\",\"@graph\":[{\"@type\":\"WebPage\",\"@id\":\"https:\\\/\\\/ilustra-laurag.com\\\/en\\\/blog-p\\\/\",\"url\":\"https:\\\/\\\/ilustra-laurag.com\\\/en\\\/blog-p\\\/\",\"name\":\"Noticias-prov - Ilustra Laurag\",\"isPartOf\":{\"@id\":\"https:\\\/\\\/ilustra-laurag.com\\\/en\\\/#website\"},\"datePublished\":\"2025-12-26T16:23:26+00:00\",\"dateModified\":\"2026-04-24T15:08:58+00:00\",\"description\":\"Blog de ilustraci\u00f3n bot\u00e1nica de Laura Gonz\u00e1lez Hern\u00e1ndez con art\u00edculos, procesos creativos y talleres inspirados en la naturaleza.\",\"breadcrumb\":{\"@id\":\"https:\\\/\\\/ilustra-laurag.com\\\/en\\\/blog-p\\\/#breadcrumb\"},\"inLanguage\":\"en-GB\",\"potentialAction\":[{\"@type\":\"ReadAction\",\"target\":[\"https:\\\/\\\/ilustra-laurag.com\\\/en\\\/blog-p\\\/\"]}]},{\"@type\":\"BreadcrumbList\",\"@id\":\"https:\\\/\\\/ilustra-laurag.com\\\/en\\\/blog-p\\\/#breadcrumb\",\"itemListElement\":[{\"@type\":\"ListItem\",\"position\":1,\"name\":\"Home\",\"item\":\"https:\\\/\\\/ilustra-laurag.com\\\/\"},{\"@type\":\"ListItem\",\"position\":2,\"name\":\"Noticias-prov\"}]},{\"@type\":\"WebSite\",\"@id\":\"https:\\\/\\\/ilustra-laurag.com\\\/en\\\/#website\",\"url\":\"https:\\\/\\\/ilustra-laurag.com\\\/en\\\/\",\"name\":\"Ilustra Laurag\",\"description\":\"Portfolio de los trabajos de Laura Goz\u00e1lez, ilustradora cient\u00edfica\",\"publisher\":{\"@id\":\"https:\\\/\\\/ilustra-laurag.com\\\/en\\\/#\\\/schema\\\/person\\\/4a494b17105123990159afa34ef59946\"},\"potentialAction\":[{\"@type\":\"SearchAction\",\"target\":{\"@type\":\"EntryPoint\",\"urlTemplate\":\"https:\\\/\\\/ilustra-laurag.com\\\/en\\\/?s={search_term_string}\"},\"query-input\":{\"@type\":\"PropertyValueSpecification\",\"valueRequired\":true,\"valueName\":\"search_term_string\"}}],\"inLanguage\":\"en-GB\"},{\"@type\":[\"Person\",\"Organization\"],\"@id\":\"https:\\\/\\\/ilustra-laurag.com\\\/en\\\/#\\\/schema\\\/person\\\/4a494b17105123990159afa34ef59946\",\"name\":\"Laura Gonzalez\",\"image\":{\"@type\":\"ImageObject\",\"inLanguage\":\"en-GB\",\"@id\":\"https:\\\/\\\/ilustra-laurag.com\\\/wp-content\\\/uploads\\\/2025\\\/08\\\/cropped-LOGO_SINFONDO-1-scaled-1.png\",\"url\":\"https:\\\/\\\/ilustra-laurag.com\\\/wp-content\\\/uploads\\\/2025\\\/08\\\/cropped-LOGO_SINFONDO-1-scaled-1.png\",\"contentUrl\":\"https:\\\/\\\/ilustra-laurag.com\\\/wp-content\\\/uploads\\\/2025\\\/08\\\/cropped-LOGO_SINFONDO-1-scaled-1.png\",\"width\":512,\"height\":512,\"caption\":\"Laura Gonzalez\"},\"logo\":{\"@id\":\"https:\\\/\\\/ilustra-laurag.com\\\/wp-content\\\/uploads\\\/2025\\\/08\\\/cropped-LOGO_SINFONDO-1-scaled-1.png\"},\"sameAs\":[\"http:\\\/\\\/ilustra-laurag.com\"]}]}<\/script>\n<!-- \/ Yoast SEO plugin. -->","yoast_head_json":{"title":"Noticias-prov - Ilustra Laurag","description":"Blog de ilustraci\u00f3n bot\u00e1nica de Laura Gonz\u00e1lez Hern\u00e1ndez con art\u00edculos, procesos creativos y talleres inspirados en la naturaleza.","robots":{"index":"index","follow":"follow","max-snippet":"max-snippet:-1","max-image-preview":"max-image-preview:large","max-video-preview":"max-video-preview:-1"},"canonical":"https:\/\/ilustra-laurag.com\/en\/blog-p\/","og_locale":"en_GB","og_type":"article","og_title":"Noticias-prov - Ilustra Laurag","og_description":"Blog de ilustraci\u00f3n bot\u00e1nica de Laura Gonz\u00e1lez Hern\u00e1ndez con art\u00edculos, procesos creativos y talleres inspirados en la naturaleza.","og_url":"https:\/\/ilustra-laurag.com\/en\/blog-p\/","og_site_name":"Ilustra Laurag","article_modified_time":"2026-04-24T15:08:58+00:00","twitter_card":"summary_large_image","twitter_misc":{"Estimated reading time":"1 minute"},"schema":{"@context":"https:\/\/schema.org","@graph":[{"@type":"WebPage","@id":"https:\/\/ilustra-laurag.com\/en\/blog-p\/","url":"https:\/\/ilustra-laurag.com\/en\/blog-p\/","name":"Noticias-prov - Ilustra Laurag","isPartOf":{"@id":"https:\/\/ilustra-laurag.com\/en\/#website"},"datePublished":"2025-12-26T16:23:26+00:00","dateModified":"2026-04-24T15:08:58+00:00","description":"Blog de ilustraci\u00f3n bot\u00e1nica de Laura Gonz\u00e1lez Hern\u00e1ndez con art\u00edculos, procesos creativos y talleres inspirados en la naturaleza.","breadcrumb":{"@id":"https:\/\/ilustra-laurag.com\/en\/blog-p\/#breadcrumb"},"inLanguage":"en-GB","potentialAction":[{"@type":"ReadAction","target":["https:\/\/ilustra-laurag.com\/en\/blog-p\/"]}]},{"@type":"BreadcrumbList","@id":"https:\/\/ilustra-laurag.com\/en\/blog-p\/#breadcrumb","itemListElement":[{"@type":"ListItem","position":1,"name":"Home","item":"https:\/\/ilustra-laurag.com\/"},{"@type":"ListItem","position":2,"name":"Noticias-prov"}]},{"@type":"WebSite","@id":"https:\/\/ilustra-laurag.com\/en\/#website","url":"https:\/\/ilustra-laurag.com\/en\/","name":"Ilustra Laurag","description":"Portfolio de los trabajos de Laura Goz\u00e1lez, ilustradora cient\u00edfica","publisher":{"@id":"https:\/\/ilustra-laurag.com\/en\/#\/schema\/person\/4a494b17105123990159afa34ef59946"},"potentialAction":[{"@type":"SearchAction","target":{"@type":"EntryPoint","urlTemplate":"https:\/\/ilustra-laurag.com\/en\/?s={search_term_string}"},"query-input":{"@type":"PropertyValueSpecification","valueRequired":true,"valueName":"search_term_string"}}],"inLanguage":"en-GB"},{"@type":["Person","Organization"],"@id":"https:\/\/ilustra-laurag.com\/en\/#\/schema\/person\/4a494b17105123990159afa34ef59946","name":"Laura Gonzalez","image":{"@type":"ImageObject","inLanguage":"en-GB","@id":"https:\/\/ilustra-laurag.com\/wp-content\/uploads\/2025\/08\/cropped-LOGO_SINFONDO-1-scaled-1.png","url":"https:\/\/ilustra-laurag.com\/wp-content\/uploads\/2025\/08\/cropped-LOGO_SINFONDO-1-scaled-1.png","contentUrl":"https:\/\/ilustra-laurag.com\/wp-content\/uploads\/2025\/08\/cropped-LOGO_SINFONDO-1-scaled-1.png","width":512,"height":512,"caption":"Laura Gonzalez"},"logo":{"@id":"https:\/\/ilustra-laurag.com\/wp-content\/uploads\/2025\/08\/cropped-LOGO_SINFONDO-1-scaled-1.png"},"sameAs":["http:\/\/ilustra-laurag.com"]}]}},"_links":{"self":[{"href":"https:\/\/ilustra-laurag.com\/en\/wp-json\/wp\/v2\/pages\/2248","targetHints":{"allow":["GET"]}}],"collection":[{"href":"https:\/\/ilustra-laurag.com\/en\/wp-json\/wp\/v2\/pages"}],"about":[{"href":"https:\/\/ilustra-laurag.com\/en\/wp-json\/wp\/v2\/types\/page"}],"author":[{"embeddable":true,"href":"https:\/\/ilustra-laurag.com\/en\/wp-json\/wp\/v2\/users\/1"}],"replies":[{"embeddable":true,"href":"https:\/\/ilustra-laurag.com\/en\/wp-json\/wp\/v2\/comments?post=2248"}],"version-history":[{"count":13,"href":"https:\/\/ilustra-laurag.com\/en\/wp-json\/wp\/v2\/pages\/2248\/revisions"}],"predecessor-version":[{"id":2525,"href":"https:\/\/ilustra-laurag.com\/en\/wp-json\/wp\/v2\/pages\/2248\/revisions\/2525"}],"wp:attachment":[{"href":"https:\/\/ilustra-laurag.com\/en\/wp-json\/wp\/v2\/media?parent=2248"}],"curies":[{"name":"wp","href":"https:\/\/api.w.org\/{rel}","templated":true}]}}